{"id":10,"date":"2022-04-13T16:31:56","date_gmt":"2022-04-13T16:31:56","guid":{"rendered":"https:\/\/tardiver.de\/?page_id=10"},"modified":"2023-03-08T23:41:48","modified_gmt":"2023-03-08T23:41:48","slug":"startseite","status":"publish","type":"page","link":"https:\/\/pitchdiver.de\/","title":{"rendered":"PitchDiver"},"content":{"rendered":"\n<div class=\"wp-block-columns is-layout-flex wp-container-core-columns-is-layout-9d6595d7 wp-block-columns-is-layout-flex\">\n<div class=\"wp-block-column is-layout-flow wp-block-column-is-layout-flow\" style=\"flex-basis:100%\">\n<div class=\"wp-block-columns is-layout-flex wp-container-core-columns-is-layout-9d6595d7 wp-block-columns-is-layout-flex\">\n<div class=\"wp-block-column is-layout-flow wp-block-column-is-layout-flow\" style=\"flex-basis:15%\">\n<figure class=\"wp-block-image size-full\"><img loading=\"lazy\" decoding=\"async\" width=\"180\" height=\"175\" src=\"https:\/\/tardiver.de\/wp-content\/uploads\/2022\/04\/mikro_l.gif\" alt=\"\" class=\"wp-image-47\"\/><\/figure>\n<\/div>\n\n\n\n<div class=\"wp-block-column is-layout-flow wp-block-column-is-layout-flow\">\n<p class=\"has-text-align-center has-medium-font-size\" id=\"vocals\"><strong>Hallo an alle Stimmgewaltigen !<\/strong><br><br><strong>F\u00fcr&#8217;s Mikrofon suchen wir noch eine Erg\u00e4nzung Richtung<\/strong><br><br><strong>Corey Taylor \/ Corinna Taylor<\/strong><br><br>oder Jemand mit \u00e4hnlichen Br\u00fcllanwandlungen.<\/p>\n<\/div>\n\n\n\n<div class=\"wp-block-column is-layout-flow wp-block-column-is-layout-flow\" style=\"flex-basis:15%\">\n<figure class=\"wp-block-image size-full\"><img loading=\"lazy\" decoding=\"async\" width=\"170\" height=\"169\" src=\"https:\/\/tardiver.de\/wp-content\/uploads\/2022\/04\/mikro_r.gif\" alt=\"\" class=\"wp-image-48\"\/><\/figure>\n<\/div>\n<\/div>\n<\/div>\n<\/div>\n\n\n\n<p>Stilistisch stehen wir in der N\u00e4he von Slipknot \/ System Of A Down \/ Disturbed. Prinzipiell sind wir aber f\u00fcr Alles offen, solange die Gitarren kr\u00e4ftig s\u00e4gen.<\/p>\n\n\n\n<p>Au\u00dfer einigen fertigen Songs haben wir viel neues Material, an dem sich vokal ausgetobt werden kann.<\/p>\n\n\n\n<p>Unser voll ausgestatteter Proberaum befindet sich in T\u00fcbingen.<br>Da wir alle arbeitst\u00e4tig sind, ist nur ein Probentermin pro Woche m\u00f6glich.<br>Unsere Instrumente beherrschen wir auf gutem Amateurniveau.<\/p>\n\n\n\n<p>Zur effektiven Nutzung unserer Zeit spielen und verfeinern wir in der gemeinsamen Probe nur fertige St\u00fccke im Bandgef\u00fcge. Ideen f\u00fcr Songs und Arrangements entstehen im heimischen Studio.<\/p>\n\n\n\n<p>Unser Ziel ist die Aufnahme von Songs in guter Qualit\u00e4t und nat\u00fcrlich auch den einen oder anderen Gig zu spielen, sobald wir eingespielt sind.<\/p>\n","protected":false},"excerpt":{"rendered":"<p>Hallo an alle Stimmgewaltigen ! F\u00fcr&#8217;s Mikrofon suchen wir noch eine Erg\u00e4nzung Richtung Corey Taylor \/ Corinna Taylor oder Jemand mit \u00e4hnlichen Br\u00fcllanwandlungen. Stilistisch stehen wir in der N\u00e4he von<\/p>\n<p class=\"more-link\"><a href=\"https:\/\/pitchdiver.de\/\" class=\"readmore\">Continue reading<span class=\"screen-reader-text\">PitchDiver<\/span><\/a><\/p>\n","protected":false},"author":1,"featured_media":0,"parent":0,"menu_order":0,"comment_status":"closed","ping_status":"closed","template":"","meta":{"footnotes":""},"class_list":["post-10","page","type-page","status-publish","hentry"],"yoast_head":"<!-- This site is optimized with the Yoast SEO plugin v18.5.1 - https:\/\/yoast.com\/wordpress\/plugins\/seo\/ -->\n<title>PitchDiver - P i t c h D i v e r<\/title>\n<meta name=\"robots\" content=\"index, follow, max-snippet:-1, max-image-preview:large, max-video-preview:-1\" \/>\n<link rel=\"canonical\" href=\"https:\/\/pitchdiver.de\/\" \/>\n<meta property=\"og:locale\" content=\"de_DE\" \/>\n<meta property=\"og:type\" content=\"article\" \/>\n<meta property=\"og:title\" content=\"PitchDiver - P i t c h D i v e r\" \/>\n<meta property=\"og:description\" content=\"Hallo an alle Stimmgewaltigen ! F\u00fcr&#8217;s Mikrofon suchen wir noch eine Erg\u00e4nzung Richtung Corey Taylor \/ Corinna Taylor oder Jemand mit \u00e4hnlichen Br\u00fcllanwandlungen. Stilistisch stehen wir in der N\u00e4he vonContinue readingPitchDiver\" \/>\n<meta property=\"og:url\" content=\"https:\/\/pitchdiver.de\/\" \/>\n<meta property=\"og:site_name\" content=\"P i t c h D i v e r\" \/>\n<meta property=\"article:modified_time\" content=\"2023-03-08T23:41:48+00:00\" \/>\n<meta property=\"og:image\" content=\"https:\/\/tardiver.de\/wp-content\/uploads\/2022\/04\/mikro_l.gif\" \/>\n<meta name=\"twitter:card\" content=\"summary_large_image\" \/>\n<meta name=\"twitter:label1\" content=\"Gesch\u00e4tzte Lesezeit\" \/>\n\t<meta name=\"twitter:data1\" content=\"2\u00a0Minuten\" \/>\n<script type=\"application\/ld+json\" class=\"yoast-schema-graph\">{\"@context\":\"https:\/\/schema.org\",\"@graph\":[{\"@type\":\"WebSite\",\"@id\":\"https:\/\/pitchdiver.de\/#website\",\"url\":\"https:\/\/pitchdiver.de\/\",\"name\":\"P i t c h D i v e r\",\"description\":\"New Metal is coming\",\"potentialAction\":[{\"@type\":\"SearchAction\",\"target\":{\"@type\":\"EntryPoint\",\"urlTemplate\":\"https:\/\/pitchdiver.de\/?s={search_term_string}\"},\"query-input\":\"required name=search_term_string\"}],\"inLanguage\":\"de\"},{\"@type\":\"ImageObject\",\"@id\":\"https:\/\/pitchdiver.de\/#primaryimage\",\"inLanguage\":\"de\",\"url\":\"https:\/\/tardiver.de\/wp-content\/uploads\/2022\/04\/mikro_l.gif\",\"contentUrl\":\"https:\/\/tardiver.de\/wp-content\/uploads\/2022\/04\/mikro_l.gif\"},{\"@type\":\"WebPage\",\"@id\":\"https:\/\/pitchdiver.de\/#webpage\",\"url\":\"https:\/\/pitchdiver.de\/\",\"name\":\"PitchDiver - P i t c h D i v e r\",\"isPartOf\":{\"@id\":\"https:\/\/pitchdiver.de\/#website\"},\"primaryImageOfPage\":{\"@id\":\"https:\/\/pitchdiver.de\/#primaryimage\"},\"datePublished\":\"2022-04-13T16:31:56+00:00\",\"dateModified\":\"2023-03-08T23:41:48+00:00\",\"breadcrumb\":{\"@id\":\"https:\/\/pitchdiver.de\/#breadcrumb\"},\"inLanguage\":\"de\",\"potentialAction\":[{\"@type\":\"ReadAction\",\"target\":[\"https:\/\/pitchdiver.de\/\"]}]},{\"@type\":\"BreadcrumbList\",\"@id\":\"https:\/\/pitchdiver.de\/#breadcrumb\",\"itemListElement\":[{\"@type\":\"ListItem\",\"position\":1,\"name\":\"Startseite\",\"item\":\"https:\/\/pitchdiver.de\/\"},{\"@type\":\"ListItem\",\"position\":2,\"name\":\"PitchDiver\"}]}]}<\/script>\n<!-- \/ Yoast SEO plugin. -->","yoast_head_json":{"title":"PitchDiver - P i t c h D i v e r","robots":{"index":"index","follow":"follow","max-snippet":"max-snippet:-1","max-image-preview":"max-image-preview:large","max-video-preview":"max-video-preview:-1"},"canonical":"https:\/\/pitchdiver.de\/","og_locale":"de_DE","og_type":"article","og_title":"PitchDiver - P i t c h D i v e r","og_description":"Hallo an alle Stimmgewaltigen ! F\u00fcr&#8217;s Mikrofon suchen wir noch eine Erg\u00e4nzung Richtung Corey Taylor \/ Corinna Taylor oder Jemand mit \u00e4hnlichen Br\u00fcllanwandlungen. Stilistisch stehen wir in der N\u00e4he vonContinue readingPitchDiver","og_url":"https:\/\/pitchdiver.de\/","og_site_name":"P i t c h D i v e r","article_modified_time":"2023-03-08T23:41:48+00:00","og_image":[{"url":"https:\/\/tardiver.de\/wp-content\/uploads\/2022\/04\/mikro_l.gif"}],"twitter_card":"summary_large_image","twitter_misc":{"Gesch\u00e4tzte Lesezeit":"2\u00a0Minuten"},"schema":{"@context":"https:\/\/schema.org","@graph":[{"@type":"WebSite","@id":"https:\/\/pitchdiver.de\/#website","url":"https:\/\/pitchdiver.de\/","name":"P i t c h D i v e r","description":"New Metal is coming","potentialAction":[{"@type":"SearchAction","target":{"@type":"EntryPoint","urlTemplate":"https:\/\/pitchdiver.de\/?s={search_term_string}"},"query-input":"required name=search_term_string"}],"inLanguage":"de"},{"@type":"ImageObject","@id":"https:\/\/pitchdiver.de\/#primaryimage","inLanguage":"de","url":"https:\/\/tardiver.de\/wp-content\/uploads\/2022\/04\/mikro_l.gif","contentUrl":"https:\/\/tardiver.de\/wp-content\/uploads\/2022\/04\/mikro_l.gif"},{"@type":"WebPage","@id":"https:\/\/pitchdiver.de\/#webpage","url":"https:\/\/pitchdiver.de\/","name":"PitchDiver - P i t c h D i v e r","isPartOf":{"@id":"https:\/\/pitchdiver.de\/#website"},"primaryImageOfPage":{"@id":"https:\/\/pitchdiver.de\/#primaryimage"},"datePublished":"2022-04-13T16:31:56+00:00","dateModified":"2023-03-08T23:41:48+00:00","breadcrumb":{"@id":"https:\/\/pitchdiver.de\/#breadcrumb"},"inLanguage":"de","potentialAction":[{"@type":"ReadAction","target":["https:\/\/pitchdiver.de\/"]}]},{"@type":"BreadcrumbList","@id":"https:\/\/pitchdiver.de\/#breadcrumb","itemListElement":[{"@type":"ListItem","position":1,"name":"Startseite","item":"https:\/\/pitchdiver.de\/"},{"@type":"ListItem","position":2,"name":"PitchDiver"}]}]}},"_links":{"self":[{"href":"https:\/\/pitchdiver.de\/index.php\/wp-json\/wp\/v2\/pages\/10","targetHints":{"allow":["GET"]}}],"collection":[{"href":"https:\/\/pitchdiver.de\/index.php\/wp-json\/wp\/v2\/pages"}],"about":[{"href":"https:\/\/pitchdiver.de\/index.php\/wp-json\/wp\/v2\/types\/page"}],"author":[{"embeddable":true,"href":"https:\/\/pitchdiver.de\/index.php\/wp-json\/wp\/v2\/users\/1"}],"replies":[{"embeddable":true,"href":"https:\/\/pitchdiver.de\/index.php\/wp-json\/wp\/v2\/comments?post=10"}],"version-history":[{"count":6,"href":"https:\/\/pitchdiver.de\/index.php\/wp-json\/wp\/v2\/pages\/10\/revisions"}],"predecessor-version":[{"id":63,"href":"https:\/\/pitchdiver.de\/index.php\/wp-json\/wp\/v2\/pages\/10\/revisions\/63"}],"wp:attachment":[{"href":"https:\/\/pitchdiver.de\/index.php\/wp-json\/wp\/v2\/media?parent=10"}],"curies":[{"name":"wp","href":"https:\/\/api.w.org\/{rel}","templated":true}]}}